{"id":636,"date":"2024-02-29T12:44:51","date_gmt":"2024-02-29T12:44:51","guid":{"rendered":"https:\/\/hausarzt-zehlendorf-2024.de\/datenschutz\/"},"modified":"2024-04-17T13:44:47","modified_gmt":"2024-04-17T13:44:47","slug":"privacy-policy","status":"publish","type":"page","link":"https:\/\/hausarzt-zehlendorf.de\/en\/privacy-policy\/","title":{"rendered":"Privacy Policy"},"content":{"rendered":"<div id='intro'  class='avia-section av-4jqm0-3283f60eeae45a3784d02937b4761bdf main_color avia-section-large avia-no-border-styling  avia-builder-el-0  el_before_av_section  avia-builder-el-first  avia-bg-style-scroll container_wrap fullsize'  ><div class='container av-section-cont-open' ><main  role=\"main\" itemprop=\"mainContentOfPage\"  class='template-page content  av-content-full alpha units'><div class='post-entry post-entry-type-page post-entry-636'><div class='entry-content-wrapper clearfix'>\n<div  id=\"Praxis-Intro\"  class='flex_column av-3x89s-a7eb2080d872dee52864174c19deeaa8 av_one_full  avia-builder-el-1  avia-builder-el-no-sibling  first flex_column_div  '     ><section  class='av_textblock_section av-lth4tvr8-c6c269fc273fcf1cc9035adbc92e7814 '   itemscope=\"itemscope\" itemtype=\"https:\/\/schema.org\/CreativeWork\" ><div class='avia_textblock'  itemprop=\"text\" ><h1 style=\"text-align: center;\">Datenschutzerkl\u00e4rung<\/h1>\n<\/div><\/section><\/div>\n\n<\/div><\/div><\/main><!-- close content main element --><\/div><\/div>\n<style type=\"text\/css\" data-created_by=\"avia_inline_auto\" id=\"style-css-av-3h8nk-2b7bb4cf8622f1cea61d218b91af5d91\">\n.avia-section.av-3h8nk-2b7bb4cf8622f1cea61d218b91af5d91{\nmargin-top:0;\nmargin-bottom:0;\n}\n<\/style>\n<div id='av_section_2'  class='avia-section av-3h8nk-2b7bb4cf8622f1cea61d218b91af5d91 main_color avia-section-no-padding avia-no-border-styling  avia-builder-el-3  el_after_av_section  el_before_av_hr  avia-bg-style-scroll container_wrap fullsize'  ><div class='container av-section-cont-open' ><div class='template-page content  av-content-full alpha units'><div class='post-entry post-entry-type-page post-entry-636'><div class='entry-content-wrapper clearfix'>\n\n<style type=\"text\/css\" data-created_by=\"avia_inline_auto\" id=\"style-css-av-1xjeo-231a90b7c816833a4e8300e097f690ce\">\n#top .flex_column.av-1xjeo-231a90b7c816833a4e8300e097f690ce{\nmargin-top:0px;\nmargin-bottom:0px;\n}\n.responsive #top #wrap_all .flex_column.av-1xjeo-231a90b7c816833a4e8300e097f690ce{\nmargin-top:0px;\nmargin-bottom:0px;\n}\n<\/style>\n<div  class='flex_column av-1xjeo-231a90b7c816833a4e8300e097f690ce av_one_full  avia-builder-el-4  el_before_av_hr  avia-builder-el-first  first flex_column_div  '     ><style type=\"text\/css\" data-created_by=\"avia_inline_auto\" id=\"style-css-av-lth5031u-96e650f0a16bfdc75d774bc562e5b040\">\n#top .av_textblock_section.av-lth5031u-96e650f0a16bfdc75d774bc562e5b040 .avia_textblock{\ncolumn-count:2;\ncolumn-gap:6%;\n}\n\n@media only screen and (max-width: 989px){ \n#top .av_textblock_section.av-lth5031u-96e650f0a16bfdc75d774bc562e5b040 .avia_textblock{\ncolumn-count:1;\n}\n.av_textblock_section.av-lth5031u-96e650f0a16bfdc75d774bc562e5b040 .avia_textblock.av_multi_colums > p:first-child{\nmargin-top:0.85em;\n}\n}\n<\/style>\n<section  class='av_textblock_section av-lth5031u-96e650f0a16bfdc75d774bc562e5b040 '   itemscope=\"itemscope\" itemtype=\"https:\/\/schema.org\/CreativeWork\" ><div class='avia_textblock av_multi_colums'  itemprop=\"text\" ><h2>Geltungsbereich<\/h2>\n<p>Diese Datenschutzerkl\u00e4rung kl\u00e4rt die Besucherinnen und Besucher dieser Website auf \u00fcber die Art, den Umfang sowie die Zwecke der Erhebung personenbezogener Daten und deren Verwendung durch die verantwortliche Betreiberin der Website, die<\/p>\n<p>Praxis f\u00fcr ganzheitliche Allgemeinmedizin, Psychosomatik und Naturheilverfahren,<br \/>\nClayallee 343, 14169 Berlin.<\/p>\n<p>Die rechtlichen Grundlagen hierf\u00fcr k\u00f6nnen Sie der <a href=\"https:\/\/eur-lex.europa.eu\/legal-content\/DE\/TXT\/?uri=CELEX:02016R0679-20160504\" target=\"_blank\" rel=\"noopener\">Datenschutz-Grundverordnung (DSGVO)<\/a> entnehmen, die die Verarbeitung personenbezogener Daten EU-weit vereinheitlicht und regelt.<\/p>\n<p>Sofern Sie telefonisch, per E-Mail oder Fax mit uns in Kontakt treten, verarbeiten wir Ihre Daten (z. B. Name, Telefonnummer, E-Mail-Adresse) in Bezug auf Ihr gew\u00fcnschtes Anliegen. Die Angabe dieser Daten erfolgt auf freiwilliger Basis. Diese Daten werden ohne Ihre ausdr\u00fcckliche Zustimmung nicht an Dritte weitergegeben und nach Ablauf der gesetzlichen Fristen gel\u00f6scht. Die Auftragsdatenverarbeitung hierf\u00fcr ist in unserer Datenschutzerkl\u00e4rung f\u00fcr Patienten geregelt und nicht Gegenstand der Datenschutzerkl\u00e4rung f\u00fcr diese Website.<\/p>\n<h2>Allgemeine Hinweise<\/h2>\n<p>Die Betreiberin dieser Website nimmt den Schutz Ihrer pers\u00f6nlichen Daten sehr ernst. Sie behandelt Ihre personenbezogenen Daten vertraulich und entsprechend der gesetzlichen Datenschutzvorschriften sowie dieser Datenschutzerkl\u00e4rung. Alle erfassten Daten werden nur f\u00fcr die erforderliche Dauer der Auftragserf\u00fcllung gespeichert und anschlie\u00dfend gel\u00f6scht.<\/p>\n<p>Der Betrieb dieser Website erfolgt als gesicherte Verbindung und ist nach markt\u00fcblichen Standards gesch\u00fctzt vor fremden Zugriffen. Wir machen Sie jedoch darauf aufmerksam, dass die Daten\u00fcbertragung im Internet Sicherheitsl\u00fccken aufweisen kann. Ein l\u00fcckenloser Schutz der Daten vor dem Zugriff durch Dritte ist insofern nicht m\u00f6glich.<\/p>\n<h2><strong>Datenerfassung<\/strong><\/h2>\n<p>Die Nutzung unserer Website ist in der Regel ohne Angabe personenbezogener Daten, also Daten, mit denen Sie pers\u00f6nlich identifiziert werden k\u00f6nnen, m\u00f6glich. Zum Zwecke der Bereitstellung dieser Website und deren Nutzerfreundlichkeit hat die Betreiberin verschiedene Dienste beauftragt, die personenbezogene Daten erheben k\u00f6nnen.<\/p>\n<h3>1. Hosting<\/h3>\n<p>Zur Bereitstellung dieser Webseite besteht ein Hosting- und Auftragsverarbeitungsvertrag mit der Host Europe GmbH, c\/o WeWork, Friesenplatz 4, 50672 K\u00f6ln, https:\/\/www.hosteurope.de.<\/p>\n<p>Beim Besuch der Website werden Informationen, die Ihr Browser bei jedem Besuch automatisch an den Server \u00fcbermittelt, von Host Europe anonym in sogenannten Server-Logfiles gespeichert. Dies sind folgende Daten:<\/p>\n<ul>\n<li>Browsertyp und Browserversion<\/li>\n<li>verwendetes Betriebssystem<\/li>\n<li>Referrer-URL<\/li>\n<li>Hostname des zugreifenden Rechners<\/li>\n<li>Uhrzeit der Serveranfrage<\/li>\n<li>IP-Adresse<\/li>\n<\/ul>\n<p>Die Hosting-Anbieterin verwendet ggf. Protokolldaten f\u00fcr statistische Auswertungen zum Zweck des Betriebs, der Sicherheit (Gefahrenabwehr) und der Optimierung des Angebotes. Die Anbieterin beh\u00e4lt sich vor, die Protokolldaten nachtr\u00e4glich zu \u00fcberpr\u00fcfen, wenn aufgrund konkreter Anhaltspunkte der berechtigte Verdacht einer rechtswidrigen Nutzung besteht. Die Datenerfassung entspricht Art. 6 EU-DSGVO. Eine Zusammenf\u00fchrung dieser Daten mit anderen Datenquellen wird nicht vorgenommen. Server-Logfiles werden f\u00fcr maximal 7 Tage gespeichert und anschlie\u00dfend gel\u00f6scht.<\/p>\n<p>Weitere Informationen zum Umgang von Nutzerdaten finden Sie in der Datenschutzerkl\u00e4rung der Host Europe GmbH unter <a href=\"https:\/\/www.hosteurope.de\/AGB\/Datenschutzerklaerung\" target=\"_blank\" rel=\"noopener\">https:\/\/www.hosteurope.de\/AGB\/Datenschutzerklaerung<\/a>.<\/p>\n<h3>2. Anfahrtskarte (Google Map)<\/h3>\n<p>Um die Praxis gut und komfortabel von allen Endger\u00e4ten aus zu finden, haben wir f\u00fcr Sie eine Anfahrtsskizze via Google-Map eingebettet. Wenn Sie dieses Angebot nutzen m\u00f6chten, weisen wir Sie darauf hin, dass der Anbieter dieses Online-Kartendienstes, die US-amerikanische Firma Google LLC, Ihre Daten erheben, speichern und verarbeiten kann. Um dies zu erm\u00f6glichen, werden Cookies (siehe unten) gesetzt. Die Datenverarbeitung unterliegt in diesem Fall US-amerikanischen Bestimmungen. Weitere Informationen finden Sie in der Datenschutzerkl\u00e4rung von Google unter <a href=\"https:\/\/www.google.de\/intl\/de\/policies\/privacy\" target=\"_blank\" rel=\"noopener\">https:\/\/www.google.de\/intl\/de\/policies\/privacy<\/a>.<\/p>\n<h3>3. Online-Bewertungsportal (Jameda)<\/h3>\n<p>Zur n\u00e4heren Information \u00fcber unsere Praxis und deren Bewertung haben wir f\u00fcr Sie ein Widget der jameda GmbH, Balanstr. 71a, 81541 M\u00fcnchen, eingebunden. Ein Widget ist ein kleines Fenster, mit dem Sie in diesem Fall direkt auf die Profilseite unserer Praxis bei Jameda gelangen k\u00f6nnen. Der Bildlink wird zwar auf unserer Internetseite dargestellt, aber von den jameda-Servern abgerufen. Auf diese Weise wird Ihnen immer der aktuelle Inhalt mit den jeweils aktuellen Bewertungen angezeigt. Hierf\u00fcr wird eine Datenverbindung von unserer Praxiswebsite zur Internetseite von jameda aufgebaut.<\/p>\n<p>Wenn Sie diesen Service nutzen m\u00f6chten, machen wir Sie darauf aufmerksam, dass jameda \u00fcber das Setzen von Cookies bestimmte technische Daten erhebt (z. B. Datum und Uhrzeit des Besuchs; die Seite, von der die Abfrage erfolgt; verwendete Internet-Protokoll-Adresse (IP-Adresse), Browsertyp und -version, Ger\u00e4tetyp, Betriebssystem und \u00e4hnliche technische Informationen), die n\u00f6tig sind, damit der Inhalt ausgeliefert werden kann. Diese Daten werden aber nur f\u00fcr die Bereitstellung des Inhalts verwendet und nicht gespeichert oder anderweitig genutzt. Wir verfolgen mit der Einbindung den Zweck und das berechtigte Interesse, aktuelle und korrekte Inhalte auf unserer Homepage darzustellen. Rechtsgrundlage ist Art 6 Abs. 1 f) DSGVO. Eine Speicherung der genannten Daten erfolgt durch uns aufgrund dieser Einbindung nicht. Weitere Informationen k\u00f6nnen Sie unter <a href=\"https:\/\/www.jameda.de\/datenschutz\" target=\"_blank\" rel=\"noopener\">https:\/\/www.jameda.de\/datenschutz<\/a> der Datenschutzerkl\u00e4rung der jameda GmbH entnehmen.<\/p>\n<h3>4. Online-Terminvergabe (Doctolib)<\/h3>\n<p>F\u00fcr eine schnelle und komfortable Terminvereinbarung bieten wir Ihnen die Online-Terminvergabe via Doctolib an. Wenn Sie diesen Service nutzen m\u00f6chten, machen wir Sie darauf aufmerksam, dass die Doctoblib GmbH, Mehringdamm 51, 10961 Berlin, zur Realisierung ihres Angebotes Cookies in Ihrem Browser setzt (siehe unten) und auf Ihren Wunsch hin bestimmte Daten erhebt, speichert und verwaltet (in der Regel Name, E-Mail-Adresse, Telefonnummer, Terminhistorie).<\/p>\n<p>Alle gesammelten personenbezogenen Daten werden in Abh\u00e4ngigkeit von dem Zweck der Verarbeitung und der f\u00fcr die Services geltenden rechtlichen Aufbewahrungsfristen f\u00fcr einen begrenzten Zeitraum verarbeitet und aufbewahrt. Nach Ablauf der Aufbewahrungsfristen werden die personenbezogenen Daten der Nutzerinnen und Nutzer dauerhaft gel\u00f6scht oder anonymisiert. Personenbezogene Nutzerdaten werden von Doctolib in der Regel nicht ohne Einwilligung an Dritte weitergegeben. Im Rahmen von gerichtlichen Aufforderungen kann Doctolib Informationen \u00fcber Nutzer an die zust\u00e4ndigen Verwaltungs- und Justizbeh\u00f6rden \u00fcbermitteln. Alle personenbezogenen Gesundheitsdaten werden bei Doctolib innerhalb der Europ\u00e4ischen Union gehostet und unterliegen deren Datenschutzbestimmungen. Genauere Informationen k\u00f6nnen Sie der Datenschutzerkl\u00e4rung von <a href=\"https:\/\/www.doctolib.de\" target=\"_blank\" rel=\"noopener\">Doctolib<\/a> (siehe PDF-Download B2C-PrivacyPolicy-Aug-23-DE.pdf) entnehmen.<\/p>\n<h2>Cookies<\/h2>\n<p>Die vorstehend genannten Anbieterfirmen verwenden teilweise sogenannte Cookies. Cookies richten auf Ihrem Rechner keinen Schaden an und enthalten keine Viren. Cookies dienen dazu, das jeweilige Service-Angebot nutzerfreundlicher, effektiver und sicherer zu machen. Cookies sind kleine Textdateien, die auf Ihrem Rechner abgelegt werden und die Ihr Browser speichert.<\/p>\n<p>Die meisten der verwendeten Cookies sind sogenannte \u201eSession-Cookies\u201c. Sie werden nach Ende Ihres Besuchs automatisch gel\u00f6scht. Andere Cookies bleiben auf Ihrem Endger\u00e4t gespeichert, bis Sie diese l\u00f6schen. Diese Cookies erm\u00f6glichen es, Ihren Browser beim n\u00e4chsten Besuch wiederzuerkennen.<\/p>\n<p>Sie k\u00f6nnen Ihren Browser so einstellen, dass Sie \u00fcber das Setzen von Cookies informiert werden und Cookies nur im Einzelfall erlauben, die Annahme von Cookies f\u00fcr bestimmte F\u00e4lle oder generell ausschlie\u00dfen sowie das automatische L\u00f6schen der Cookies beim Schlie\u00dfen des Browser aktivieren. Bei der Deaktivierung von Cookies kann die Funktionalit\u00e4t der jeweiligen Website eingeschr\u00e4nkt sein.<\/p>\n<h2>Tracking, Google Fonts<\/h2>\n<p>Wir setzen auf unserer Seite weder Google Fonts noch Trackingtools ein.<\/p>\n<\/div><\/section><\/div>\n<style type=\"text\/css\" data-created_by=\"avia_inline_auto\" id=\"style-css-av-lu2hxpa8-bfd3953f2df2487ed478a4e1c0ac4d14\">\n#top .hr.hr-invisible.av-lu2hxpa8-bfd3953f2df2487ed478a4e1c0ac4d14{\nheight:80px;\n}\n<\/style>\n<div  class='hr av-lu2hxpa8-bfd3953f2df2487ed478a4e1c0ac4d14 hr-invisible  avia-builder-el-6  el_after_av_one_full  el_before_av_one_full '><span class='hr-inner '><span class=\"hr-inner-style\"><\/span><\/span><\/div>\n\n<style type=\"text\/css\" data-created_by=\"avia_inline_auto\" id=\"style-css-av-16tlo-41a7d9da7c69db0768de2392196c6e31\">\n#top .flex_column.av-16tlo-41a7d9da7c69db0768de2392196c6e31{\nmargin-top:0px;\nmargin-bottom:0px;\n}\n.responsive #top #wrap_all .flex_column.av-16tlo-41a7d9da7c69db0768de2392196c6e31{\nmargin-top:0px;\nmargin-bottom:0px;\n}\n<\/style>\n<div  class='flex_column av-16tlo-41a7d9da7c69db0768de2392196c6e31 av_one_full  avia-builder-el-7  el_after_av_hr  avia-builder-el-last  first flex_column_div  '     ><section  class='av_textblock_section av-lth51x6r-5d06391d2cee40d4ed7e94ad940bb27c '   itemscope=\"itemscope\" itemtype=\"https:\/\/schema.org\/CreativeWork\" ><div class='avia_textblock'  itemprop=\"text\" ><h2>Haftungsausschluss<\/h2>\n<p>Die Inhalte dieser Website wurden sorgf\u00e4ltig erarbeitet, wobei Wert darauf gelegt wurde, zutreffende und aktuelle Information zur Verf\u00fcgung zu stellen. Gleichwohl ist es m\u00f6glich, dass uns dabei Fehler unterlaufen sind. Des Weiteren weisen wir daraufhin, dass die Informationen von allgemeiner Art sind, die nicht auf etwaige besondere Bed\u00fcrfnisse im Einzelfall abgestimmt sind. Es wird keine Gew\u00e4hr weder f\u00fcr Aktualit\u00e4t, Richtigkeit noch Vollst\u00e4ndigkeit der Informationen \u00fcbernommen. Das Gleiche gilt auch f\u00fcr Informationen auf verlinkten Websites.<\/p>\n<p>Mit Urteil vom 12. Mai 1998 \u2013 312 O 85\/98 \u2013 hat das Landgericht (LG) Hamburg entschieden, dass der Ersteller eines Links die Inhalte der gelinkten Seite ggf. mit zu verantworten hat. Dies kann \u2013 so das Gericht \u2013 nur dadurch verhindert werden, dass man sich ausdr\u00fccklich von diesen Inhalten distanziert. Wir haben alle Verlinkungen \u00fcberpr\u00fcft und konnten keine illegalen Inhalte feststellen. Dennoch distanzieren wir uns hiermit vorsorglich von den Inhalten aller verlinkten Seiten auf dieser Website. F\u00fcr den Inhalt der verlinkten Seiten sind ausschlie\u00dflich deren Betreiber verantwortlich. Diese Erkl\u00e4rung gilt f\u00fcr s\u00e4mtliche Links und Linksammlungen, die zurzeit bestehen oder in Zukunft bestehen werden.<\/p>\n<h2>Urheberrechte<\/h2>\n<p>F\u00fcr den Inhalt dieser Website besteht Urheberrecht. Alle Rechte bleiben vorbehalten. Ohne vorherige schriftliche Zustimmung d\u00fcrfen keine Angaben der Website, insbesondere keine Texte und Bilder, vervielf\u00e4ltigt, verbreitet, \u00f6ffentlich ausgestellt oder auf sonstige Weise verwertet werden.<\/p>\n<h2>User-Zustimmung (Consent)<\/h2>\n<p>Mit der Zustimmung der Nutzungsbedingungen \u00fcber den auf dieser Website eingesetzten Consent-Banner erkl\u00e4ren Sie sich mit den Datenschutz- und Nutzungsbedingungen f\u00fcr diese Website bereit.<\/p>\n<h2>User-Rechte<\/h2>\n<p>Als Besucherinnen und Besucher dieser Website haben Sie das Recht auf Auskunft \u00fcber ihre bei uns gespeicherten Daten, deren Verarbeitung und etwaigen Transfer sowie ein Recht auf Berichtigung, Einschr\u00e4nkung, Sperrung oder L\u00f6schung dieser Daten. Ferner k\u00f6nnen Sie der Datenverarbeitung widersprechen und auch Ihre bereits erteilte Einwilligung widerrufen oder sich bei der zust\u00e4ndigen Aufsichtsbeh\u00f6rde beschweren. Wenn Sie Ihre Rechte geltend machen m\u00f6chten oder Fragen haben, die Ihnen diese Datenschutzerkl\u00e4rung nicht beantwortet, wenden Sie sich bitte an uns \u00fcber die im <a title=\"Impressum\" href=\"https:\/\/hausarzt-zehlendorf.de\/en\/imprint\/\" target=\"_blank\" rel=\"noopener\">Impressum<\/a> angegebenen Kontaktdaten.<\/p>\n<\/div><\/section><\/div><\/div><\/div><\/div><!-- close content main div --><\/div><\/div><div id='after_section_2'  class='main_color av_default_container_wrap container_wrap fullsize'  ><div class='container av-section-cont-open' ><div class='template-page content  av-content-full alpha units'><div class='post-entry post-entry-type-page post-entry-636'><div class='entry-content-wrapper clearfix'>\n<style type=\"text\/css\" data-created_by=\"avia_inline_auto\" id=\"style-css-av-vymo-9de17da3ca7ca47d4d52442533cf61f3\">\n#top .hr.av-vymo-9de17da3ca7ca47d4d52442533cf61f3{\nmargin-top:50;\nmargin-bottom:0;\n}\n.hr.av-vymo-9de17da3ca7ca47d4d52442533cf61f3 .hr-inner{\nwidth:13%;\nborder-color:#6b878b;\nmax-width:45%;\n}\n.hr.av-vymo-9de17da3ca7ca47d4d52442533cf61f3 .av-seperator-icon{\ncolor:#6b878b;\n}\n.hr.av-vymo-9de17da3ca7ca47d4d52442533cf61f3 .av-seperator-icon.avia-svg-icon svg:first-child{\nfill:#6b878b;\nstroke:#6b878b;\n}\n<\/style>\n<div  id=\"Eulentrenner\"  class='hr av-vymo-9de17da3ca7ca47d4d52442533cf61f3 hr-custom  avia-builder-el-9  el_after_av_section  avia-builder-el-no-sibling  eule hr-center hr-icon-yes'><span class='hr-inner inner-border-av-border-thin'><span class=\"hr-inner-style\"><\/span><\/span><span class='av-seperator-icon avia-iconfont avia-font-sge-eule' data-av_icon='\ue800' data-av_iconfont='sge-eule' ><\/span><span class='hr-inner inner-border-av-border-thin'><span class=\"hr-inner-style\"><\/span><\/span><\/div><\/p>\n","protected":false},"excerpt":{"rendered":"","protected":false},"author":1,"featured_media":0,"parent":0,"menu_order":0,"comment_status":"closed","ping_status":"closed","template":"","meta":{"inline_featured_image":false,"footnotes":""},"class_list":["post-636","page","type-page","status-publish","hentry"],"aioseo_notices":[],"_links":{"self":[{"href":"https:\/\/hausarzt-zehlendorf.de\/en\/wp-json\/wp\/v2\/pages\/636","targetHints":{"allow":["GET"]}}],"collection":[{"href":"https:\/\/hausarzt-zehlendorf.de\/en\/wp-json\/wp\/v2\/pages"}],"about":[{"href":"https:\/\/hausarzt-zehlendorf.de\/en\/wp-json\/wp\/v2\/types\/page"}],"author":[{"embeddable":true,"href":"https:\/\/hausarzt-zehlendorf.de\/en\/wp-json\/wp\/v2\/users\/1"}],"replies":[{"embeddable":true,"href":"https:\/\/hausarzt-zehlendorf.de\/en\/wp-json\/wp\/v2\/comments?post=636"}],"version-history":[{"count":2,"href":"https:\/\/hausarzt-zehlendorf.de\/en\/wp-json\/wp\/v2\/pages\/636\/revisions"}],"predecessor-version":[{"id":649,"href":"https:\/\/hausarzt-zehlendorf.de\/en\/wp-json\/wp\/v2\/pages\/636\/revisions\/649"}],"wp:attachment":[{"href":"https:\/\/hausarzt-zehlendorf.de\/en\/wp-json\/wp\/v2\/media?parent=636"}],"curies":[{"name":"wp","href":"https:\/\/api.w.org\/{rel}","templated":true}]}}